{"id":11979,"date":"2023-06-23T19:21:28","date_gmt":"2023-06-23T19:21:28","guid":{"rendered":"https:\/\/foro-mundial.org\/web\/?page_id=11979"},"modified":"2023-12-10T01:18:19","modified_gmt":"2023-12-10T01:18:19","slug":"beca-acadenica","status":"publish","type":"page","link":"https:\/\/foro-mundial.org\/web\/beca-acadenica\/","title":{"rendered":"BECA ACAD\u00c9MICA"},"content":{"rendered":"\t\t<div data-elementor-type=\"wp-page\" data-elementor-id=\"11979\" class=\"elementor elementor-11979\">\n\t\t\t\t\t\t<section class=\"elementor-section elementor-top-section elementor-element elementor-element-db24297 elementor-section-boxed elementor-section-height-default elementor-section-height-default\" data-id=\"db24297\" data-element_type=\"section\">\n\t\t\t\t\t\t<div class=\"elementor-container elementor-column-gap-default\">\n\t\t\t\t\t<div class=\"elementor-column elementor-col-100 elementor-top-column elementor-element elementor-element-af01f40\" data-id=\"af01f40\" data-element_type=\"column\">\n\t\t\t<div class=\"elementor-widget-wrap elementor-element-populated\">\n\t\t\t\t\t\t<div class=\"elementor-element elementor-element-b804639 elementor-invisible elementor-widget elementor-widget-exhibz-title\" data-id=\"b804639\" data-element_type=\"widget\" data-settings=\"{&quot;_animation&quot;:&quot;slideInUp&quot;,&quot;_animation_delay&quot;:350,&quot;ekit_we_effect_on&quot;:&quot;none&quot;}\" data-widget_type=\"exhibz-title.default\">\n\t\t\t\t<div class=\"elementor-widget-container\">\n\t\t\t\t\t\n    <div class=\"title-section-area\">\n        <h2 class=\"section-title\">\n            <span class=\"sub-title\"><\/span>\n\t\t\tBeca Acad\u00e9mica         <\/h2>\n\t\t                    <span class=\"title-shape\">\n                  <svg xmlns='http:\/\/www.w3.org\/2000\/svg' xmlns:xlink='http:\/\/www.w3.org\/1999\/xlink' width='71px' height='11px'> <path fill-rule='evenodd' d='M59.669,10.710 L49.164,3.306 L39.428,10.681 L29.714,3.322 L20.006,10.682 L10.295,3.322 L1.185,10.228 L-0.010,8.578 L10.295,0.765 L20.006,8.125 L29.714,0.765 L39.428,8.125 L49.122,0.781 L59.680,8.223 L69.858,1.192 L70.982,2.895 L59.669,10.710 Z'\/><\/svg>\n            <\/span>\n                    <\/div><!-- Section title -->\n    \n    \n\n    \t\t\t\t<\/div>\n\t\t\t\t<\/div>\n\t\t\t\t<div class=\"elementor-element elementor-element-2786be6 elementor-widget__width-initial elementor-invisible elementor-widget elementor-widget-text-editor\" data-id=\"2786be6\" data-element_type=\"widget\" data-settings=\"{&quot;_animation&quot;:&quot;slideInRight&quot;,&quot;_animation_delay&quot;:350,&quot;ekit_we_effect_on&quot;:&quot;none&quot;}\" data-widget_type=\"text-editor.default\">\n\t\t\t\t\t\t\t\t\t<p>Cualquier estudiantes o reci\u00e9n egresado puede aplicar por una beca acad\u00e9mica, cada mes las solicitudes ser\u00e1n revisadas por el comit\u00e9 organizador y asignadas de manera proporcional entre el n\u00famero de universidades a las que pertenezcan los solicitantes, en promedio se han considerado al menos dos becas para las principales 500 universidades de M\u00e9xico y Am\u00e9rica latina.<\/p>\t\t\t\t\t\t\t\t<\/div>\n\t\t\t\t<div class=\"elementor-element elementor-element-c45ff01 elementor-widget-mobile__width-inherit elementor-widget__width-initial elementor-widget elementor-widget-image\" data-id=\"c45ff01\" data-element_type=\"widget\" data-settings=\"{&quot;ekit_we_effect_on&quot;:&quot;none&quot;}\" data-widget_type=\"image.default\">\n\t\t\t\t\t\t\t\t\t\t\t\t\t\t\t<img fetchpriority=\"high\" decoding=\"async\" width=\"800\" height=\"600\" src=\"https:\/\/foro-mundial.org\/web\/wp-content\/uploads\/2023\/06\/Programas-de-Becas.png\" class=\"attachment-large size-large wp-image-12075\" alt=\"\" srcset=\"https:\/\/foro-mundial.org\/web\/wp-content\/uploads\/2023\/06\/Programas-de-Becas.png 1024w, https:\/\/foro-mundial.org\/web\/wp-content\/uploads\/2023\/06\/Programas-de-Becas-300x225.png 300w, https:\/\/foro-mundial.org\/web\/wp-content\/uploads\/2023\/06\/Programas-de-Becas-768x576.png 768w\" sizes=\"(max-width: 800px) 100vw, 800px\" \/>\t\t\t\t\t\t\t\t\t\t\t\t\t\t\t<\/div>\n\t\t\t\t\t<\/div>\n\t\t<\/div>\n\t\t\t\t\t<\/div>\n\t\t<\/section>\n\t\t\t\t<section class=\"elementor-section elementor-top-section elementor-element elementor-element-9ddc576 elementor-section-boxed elementor-section-height-default elementor-section-height-default\" data-id=\"9ddc576\" data-element_type=\"section\">\n\t\t\t\t\t\t<div class=\"elementor-container elementor-column-gap-default\">\n\t\t\t\t\t<div class=\"elementor-column elementor-col-100 elementor-top-column elementor-element elementor-element-6e26779\" data-id=\"6e26779\" data-element_type=\"column\">\n\t\t\t<div class=\"elementor-widget-wrap elementor-element-populated\">\n\t\t\t\t\t\t<div class=\"elementor-element elementor-element-f7bd5f6 elementor-align-center elementor-widget__width-initial elementor-widget-tablet__width-initial elementor-invisible elementor-widget elementor-widget-button\" data-id=\"f7bd5f6\" data-element_type=\"widget\" data-settings=\"{&quot;_animation&quot;:&quot;fadeInUp&quot;,&quot;_animation_delay&quot;:400,&quot;ekit_we_effect_on&quot;:&quot;none&quot;}\" data-widget_type=\"button.default\">\n\t\t\t\t\t\t\t\t\t\t<a class=\"elementor-button elementor-button-link elementor-size-md\" href=\"#\" target=\"_blank\">\n\t\t\t\t\t\t<span class=\"elementor-button-content-wrapper\">\n\t\t\t\t\t\t\t\t\t<span class=\"elementor-button-text\">Aplicar por una Beca Acad\u00e9mica<\/span>\n\t\t\t\t\t<\/span>\n\t\t\t\t\t<\/a>\n\t\t\t\t\t\t\t\t<\/div>\n\t\t\t\t\t<\/div>\n\t\t<\/div>\n\t\t\t\t\t<\/div>\n\t\t<\/section>\n\t\t\t\t<section class=\"elementor-section elementor-top-section elementor-element elementor-element-6b0b97f elementor-section-boxed elementor-section-height-default elementor-section-height-default\" data-id=\"6b0b97f\" data-element_type=\"section\">\n\t\t\t\t\t\t<div class=\"elementor-container elementor-column-gap-default\">\n\t\t\t\t\t<div class=\"elementor-column elementor-col-100 elementor-top-column elementor-element elementor-element-76fa208\" data-id=\"76fa208\" data-element_type=\"column\">\n\t\t\t<div class=\"elementor-widget-wrap elementor-element-populated\">\n\t\t\t\t\t\t<div class=\"elementor-element elementor-element-bc77254 elementor-widget-tablet__width-initial elementor-widget elementor-widget-video\" data-id=\"bc77254\" data-element_type=\"widget\" data-settings=\"{&quot;youtube_url&quot;:&quot;https:\\\/\\\/youtu.be\\\/y50ob5-rRDc&quot;,&quot;autoplay&quot;:&quot;yes&quot;,&quot;video_type&quot;:&quot;youtube&quot;,&quot;controls&quot;:&quot;yes&quot;,&quot;ekit_we_effect_on&quot;:&quot;none&quot;}\" data-widget_type=\"video.default\">\n\t\t\t\t\t\t\t<div class=\"elementor-wrapper elementor-open-inline\">\n\t\t\t<div class=\"elementor-video\"><\/div>\t\t<\/div>\n\t\t\t\t\t\t<\/div>\n\t\t\t\t\t<\/div>\n\t\t<\/div>\n\t\t\t\t\t<\/div>\n\t\t<\/section>\n\t\t\t\t<section class=\"elementor-section elementor-top-section elementor-element elementor-element-34aae68 elementor-section-boxed elementor-section-height-default elementor-section-height-default\" data-id=\"34aae68\" data-element_type=\"section\">\n\t\t\t\t\t\t<div class=\"elementor-container elementor-column-gap-default\">\n\t\t\t\t\t<div class=\"elementor-column elementor-col-100 elementor-top-column elementor-element elementor-element-93f9040\" data-id=\"93f9040\" data-element_type=\"column\">\n\t\t\t<div class=\"elementor-widget-wrap elementor-element-populated\">\n\t\t\t\t\t\t<div class=\"elementor-element elementor-element-92d91a6 elementor-widget__width-inherit elementor-widget elementor-widget-text-editor\" data-id=\"92d91a6\" data-element_type=\"widget\" data-settings=\"{&quot;ekit_we_effect_on&quot;:&quot;none&quot;}\" data-widget_type=\"text-editor.default\">\n\t\t\t\t\t\t\t\t\t<div class=\"BackTo\"><a href=\"#\" class=\"icon icon-chevron-up\"><\/a><\/div>\t\t\t\t\t\t\t\t<\/div>\n\t\t\t\t\t<\/div>\n\t\t<\/div>\n\t\t\t\t\t<\/div>\n\t\t<\/section>\n\t\t\t\t<\/div>\n\t\t","protected":false},"excerpt":{"rendered":"<p>Beca Acad\u00e9mica Cualquier estudiantes o reci\u00e9n egresado puede aplicar por una beca acad\u00e9mica, cada mes las solicitudes ser\u00e1n revisadas por el comit\u00e9 organizador y asignadas de manera proporcional entre el n\u00famero de universidades a las que pertenezcan los solicitantes, en promedio se han considerado al menos dos becas para las principales 500 universidades de M\u00e9xico [&hellip;]<\/p>\n","protected":false},"author":1,"featured_media":12075,"parent":0,"menu_order":0,"comment_status":"closed","ping_status":"closed","template":"template\/template-onepage.php","meta":{"footnotes":""},"class_list":["post-11979","page","type-page","status-publish","has-post-thumbnail","hentry"],"aioseo_notices":[],"jetpack_sharing_enabled":true,"_links":{"self":[{"href":"https:\/\/foro-mundial.org\/web\/wp-json\/wp\/v2\/pages\/11979","targetHints":{"allow":["GET"]}}],"collection":[{"href":"https:\/\/foro-mundial.org\/web\/wp-json\/wp\/v2\/pages"}],"about":[{"href":"https:\/\/foro-mundial.org\/web\/wp-json\/wp\/v2\/types\/page"}],"author":[{"embeddable":true,"href":"https:\/\/foro-mundial.org\/web\/wp-json\/wp\/v2\/users\/1"}],"replies":[{"embeddable":true,"href":"https:\/\/foro-mundial.org\/web\/wp-json\/wp\/v2\/comments?post=11979"}],"version-history":[{"count":25,"href":"https:\/\/foro-mundial.org\/web\/wp-json\/wp\/v2\/pages\/11979\/revisions"}],"predecessor-version":[{"id":13011,"href":"https:\/\/foro-mundial.org\/web\/wp-json\/wp\/v2\/pages\/11979\/revisions\/13011"}],"wp:featuredmedia":[{"embeddable":true,"href":"https:\/\/foro-mundial.org\/web\/wp-json\/wp\/v2\/media\/12075"}],"wp:attachment":[{"href":"https:\/\/foro-mundial.org\/web\/wp-json\/wp\/v2\/media?parent=11979"}],"curies":[{"name":"wp","href":"https:\/\/api.w.org\/{rel}","templated":true}]}}