{"id":11647,"date":"2023-06-21T23:55:29","date_gmt":"2023-06-21T23:55:29","guid":{"rendered":"https:\/\/foro-mundial.org\/web\/?page_id=11647"},"modified":"2023-12-10T01:40:30","modified_gmt":"2023-12-10T01:40:30","slug":"promociones","status":"publish","type":"page","link":"https:\/\/foro-mundial.org\/web\/promociones\/","title":{"rendered":"PROMOCIONES"},"content":{"rendered":"\t\t<div data-elementor-type=\"wp-page\" data-elementor-id=\"11647\" class=\"elementor elementor-11647\">\n\t\t\t\t\t\t<section class=\"elementor-section elementor-top-section elementor-element elementor-element-aff5fc8 elementor-section-height-min-height elementor-section-boxed elementor-section-height-default elementor-section-items-middle\" data-id=\"aff5fc8\" data-element_type=\"section\" data-settings=\"{&quot;background_background&quot;:&quot;classic&quot;,&quot;ekit_section_parallax_multi&quot;:&quot;yes&quot;,&quot;ekit_section_parallax_multi_items&quot;:[{&quot;parallax_style&quot;:&quot;mousemove&quot;,&quot;image&quot;:null,&quot;pos_x&quot;:{&quot;unit&quot;:&quot;%&quot;,&quot;size&quot;:&quot;0&quot;,&quot;sizes&quot;:[]},&quot;animation_iteration_count&quot;:&quot;unset&quot;,&quot;parallax_speed&quot;:&quot;100&quot;,&quot;zindex&quot;:&quot;22&quot;,&quot;_id&quot;:&quot;69b9520&quot;,&quot;shape&quot;:null,&quot;width_type&quot;:&quot;&quot;,&quot;animation&quot;:null,&quot;animation_tablet&quot;:null,&quot;animation_mobile&quot;:null,&quot;item_opacity&quot;:&quot;1&quot;,&quot;animation_speed&quot;:null,&quot;parallax_transform&quot;:null,&quot;parallax_transform_value&quot;:null,&quot;smoothness&quot;:null,&quot;offsettop&quot;:null,&quot;offsetbottom&quot;:null,&quot;maxtilt&quot;:null,&quot;scale&quot;:null,&quot;disableaxis&quot;:null}]}\">\n\t\t\t\t\t\t<div class=\"elementor-container elementor-column-gap-default\">\n\t\t\t\t\t<div class=\"elementor-column elementor-col-100 elementor-top-column elementor-element elementor-element-ed45d08\" data-id=\"ed45d08\" data-element_type=\"column\">\n\t\t\t<div class=\"elementor-widget-wrap elementor-element-populated\">\n\t\t\t\t\t\t<section class=\"elementor-section elementor-inner-section elementor-element elementor-element-3c457af elementor-section-boxed elementor-section-height-default elementor-section-height-default\" data-id=\"3c457af\" data-element_type=\"section\">\n\t\t\t\t\t\t<div class=\"elementor-container elementor-column-gap-default\">\n\t\t\t\t\t<div class=\"elementor-column elementor-col-100 elementor-inner-column elementor-element elementor-element-14fe1de\" data-id=\"14fe1de\" data-element_type=\"column\">\n\t\t\t<div class=\"elementor-widget-wrap\">\n\t\t\t\t\t\t\t<\/div>\n\t\t<\/div>\n\t\t\t\t\t<\/div>\n\t\t<\/section>\n\t\t\t\t<div class=\"elementor-element elementor-element-cb484e4 elementor-widget__width-initial elementor-widget elementor-widget-elementskit-heading\" data-id=\"cb484e4\" data-element_type=\"widget\" data-settings=\"{&quot;ekit_we_effect_on&quot;:&quot;none&quot;}\" data-widget_type=\"elementskit-heading.default\">\n\t\t\t\t\t<div class=\"ekit-wid-con\" ><div class=\"ekit-heading elementskit-section-title-wraper text_left   ekit_heading_tablet-   ekit_heading_mobile-text_center\"><h2 class=\"ekit-heading--title elementskit-section-title \">PROMOCIONES<\/h2><\/div><\/div>\t\t\t\t<\/div>\n\t\t\t\t\t<\/div>\n\t\t<\/div>\n\t\t\t\t\t<\/div>\n\t\t<\/section>\n\t\t\t\t<section class=\"elementor-section elementor-top-section elementor-element elementor-element-80fbf7f elementor-section-boxed elementor-section-height-default elementor-section-height-default\" data-id=\"80fbf7f\" data-element_type=\"section\">\n\t\t\t\t\t\t<div class=\"elementor-container elementor-column-gap-default\">\n\t\t\t\t\t<div class=\"elementor-column elementor-col-100 elementor-top-column elementor-element elementor-element-aac78f2\" data-id=\"aac78f2\" data-element_type=\"column\">\n\t\t\t<div class=\"elementor-widget-wrap elementor-element-populated\">\n\t\t\t\t\t\t<div class=\"elementor-element elementor-element-010f125 elementor-invisible elementor-widget elementor-widget-exhibz-title\" data-id=\"010f125\" data-element_type=\"widget\" data-settings=\"{&quot;_animation&quot;:&quot;slideInUp&quot;,&quot;_animation_delay&quot;:350,&quot;ekit_we_effect_on&quot;:&quot;none&quot;}\" data-widget_type=\"exhibz-title.default\">\n\t\t\t\t<div class=\"elementor-widget-container\">\n\t\t\t\t\t\n    <div class=\"title-section-area\">\n        <h2 class=\"section-title\">\n            <span class=\"sub-title\"><\/span>\n\t\t\tCanc\u00fan, donde la belleza y la cultura se encuentran        <\/h2>\n\t\t                    <span class=\"title-shape\">\n                  <svg xmlns='http:\/\/www.w3.org\/2000\/svg' xmlns:xlink='http:\/\/www.w3.org\/1999\/xlink' width='71px' height='11px'> <path fill-rule='evenodd' d='M59.669,10.710 L49.164,3.306 L39.428,10.681 L29.714,3.322 L20.006,10.682 L10.295,3.322 L1.185,10.228 L-0.010,8.578 L10.295,0.765 L20.006,8.125 L29.714,0.765 L39.428,8.125 L49.122,0.781 L59.680,8.223 L69.858,1.192 L70.982,2.895 L59.669,10.710 Z'\/><\/svg>\n            <\/span>\n                    <\/div><!-- Section title -->\n    \n    \n\n    \t\t\t\t<\/div>\n\t\t\t\t<\/div>\n\t\t\t\t<div class=\"elementor-element elementor-element-58616b6 elementor-widget__width-initial elementor-widget-mobile__width-initial elementor-invisible elementor-widget elementor-widget-text-editor\" data-id=\"58616b6\" data-element_type=\"widget\" data-settings=\"{&quot;_animation&quot;:&quot;slideInRight&quot;,&quot;_animation_delay&quot;:350,&quot;ekit_we_effect_on&quot;:&quot;none&quot;}\" data-widget_type=\"text-editor.default\">\n\t\t\t\t\t\t\t\t\t<p>Hemos preparado una serie de promociones incre\u00edbles, las bases son muy simples, recibir\u00e1s recompensas en base al numero de amigos que invites al evento, cuando tus amigos realicen su pago de reserva y su pago sea validado entonces te daremos algunas recompensas, entre m\u00e1s amigos invites obtendr\u00e1s mayores recompensas.<\/p><p>Antes de comenzar debes saber que cada participante inscrito al evento puede participar, por lo tanto, es posible que distintos participantes inviten a la misma persona, para evitar conflictos entre participantes otorgaremos los beneficios a quien realice su invitaci\u00f3n primero, esto lo controlaremos a trav\u00e9s de un registro de tus invitados.<\/p><p>Al registrar a tus invitados guardaremos nombre, email y celular de cada amigo que invites y los relacionaremos con tu perfil, as\u00ed evitaremos que en el futuro alguien mas invite oficialmente a tus amigos, en ese caso le mostraremos el siguiente mensaje: \u201cLa persona a quien intentas invitar pertenece a la lista de invitados de otro participante\u201d.<\/p><p>\u00a0<\/p>\t\t\t\t\t\t\t\t<\/div>\n\t\t\t\t<div class=\"elementor-element elementor-element-de0a42d elementor-widget__width-initial elementor-widget-mobile__width-initial e-transform e-transform e-transform elementor-widget elementor-widget-slides\" data-id=\"de0a42d\" data-element_type=\"widget\" data-settings=\"{&quot;_transform_translateX_effect&quot;:{&quot;unit&quot;:&quot;px&quot;,&quot;size&quot;:0,&quot;sizes&quot;:[]},&quot;_transform_translateY_effect&quot;:{&quot;unit&quot;:&quot;px&quot;,&quot;size&quot;:41,&quot;sizes&quot;:[]},&quot;_transform_scale_effect&quot;:{&quot;unit&quot;:&quot;px&quot;,&quot;size&quot;:1,&quot;sizes&quot;:[]},&quot;ekit_we_effect_on&quot;:&quot;none&quot;,&quot;_transform_rotateZ_effect&quot;:{&quot;unit&quot;:&quot;px&quot;,&quot;size&quot;:&quot;&quot;,&quot;sizes&quot;:[]},&quot;_transform_rotateZ_effect_tablet&quot;:{&quot;unit&quot;:&quot;deg&quot;,&quot;size&quot;:&quot;&quot;,&quot;sizes&quot;:[]},&quot;_transform_rotateZ_effect_mobile&quot;:{&quot;unit&quot;:&quot;deg&quot;,&quot;size&quot;:&quot;&quot;,&quot;sizes&quot;:[]},&quot;_transform_translateX_effect_tablet&quot;:{&quot;unit&quot;:&quot;px&quot;,&quot;size&quot;:&quot;&quot;,&quot;sizes&quot;:[]},&quot;_transform_translateX_effect_mobile&quot;:{&quot;unit&quot;:&quot;px&quot;,&quot;size&quot;:&quot;&quot;,&quot;sizes&quot;:[]},&quot;_transform_translateY_effect_tablet&quot;:{&quot;unit&quot;:&quot;px&quot;,&quot;size&quot;:&quot;&quot;,&quot;sizes&quot;:[]},&quot;_transform_translateY_effect_mobile&quot;:{&quot;unit&quot;:&quot;px&quot;,&quot;size&quot;:&quot;&quot;,&quot;sizes&quot;:[]},&quot;_transform_scale_effect_tablet&quot;:{&quot;unit&quot;:&quot;px&quot;,&quot;size&quot;:&quot;&quot;,&quot;sizes&quot;:[]},&quot;_transform_scale_effect_mobile&quot;:{&quot;unit&quot;:&quot;px&quot;,&quot;size&quot;:&quot;&quot;,&quot;sizes&quot;:[]}}\" data-widget_type=\"slides.default\">\n\t\t\t\t<div class=\"elementor-widget-container\">\n\t\t\t\t\t \t\t\t\t<\/div>\n\t\t\t\t<\/div>\n\t\t\t\t<div class=\"elementor-element elementor-element-efdcd28 elementor-widget elementor-widget-elementskit-heading\" data-id=\"efdcd28\" data-element_type=\"widget\" data-settings=\"{&quot;ekit_we_effect_on&quot;:&quot;none&quot;}\" data-widget_type=\"elementskit-heading.default\">\n\t\t\t\t\t<div class=\"ekit-wid-con\" ><div class=\"ekit-heading elementskit-section-title-wraper text_center   ekit_heading_tablet-   ekit_heading_mobile-text_center\">\t\t\t\t<div class='ekit-heading__description'>\n\t\t\t\t\t<p>Comenzar es muy sencillo, debes crear un perfil en el sitio del evento, lo que nos permitir\u00e1 guardar la lista de amigos a quienes invites.<\/p>\n\t\t\t\t<\/div>\n\t\t\t<\/div><\/div>\t\t\t\t<\/div>\n\t\t\t\t\t<\/div>\n\t\t<\/div>\n\t\t\t\t\t<\/div>\n\t\t<\/section>\n\t\t\t\t<section class=\"elementor-section elementor-top-section elementor-element elementor-element-9ed17cd elementor-section-boxed elementor-section-height-default elementor-section-height-default\" data-id=\"9ed17cd\" data-element_type=\"section\">\n\t\t\t\t\t\t<div class=\"elementor-container elementor-column-gap-default\">\n\t\t\t\t\t<div class=\"elementor-column elementor-col-100 elementor-top-column elementor-element elementor-element-bdd7fb1\" data-id=\"bdd7fb1\" data-element_type=\"column\">\n\t\t\t<div class=\"elementor-widget-wrap elementor-element-populated\">\n\t\t\t\t\t\t<section class=\"elementor-section elementor-inner-section elementor-element elementor-element-73982c6 elementor-section-boxed elementor-section-height-default elementor-section-height-default\" data-id=\"73982c6\" data-element_type=\"section\">\n\t\t\t\t\t\t<div class=\"elementor-container elementor-column-gap-default\">\n\t\t\t\t\t<div class=\"elementor-column elementor-col-100 elementor-inner-column elementor-element elementor-element-443fed6\" data-id=\"443fed6\" data-element_type=\"column\">\n\t\t\t<div class=\"elementor-widget-wrap elementor-element-populated\">\n\t\t\t\t\t\t<div class=\"elementor-element elementor-element-79bde29 elementor-invisible elementor-widget elementor-widget-exhibz-feature\" data-id=\"79bde29\" data-element_type=\"widget\" data-settings=\"{&quot;_animation&quot;:&quot;fadeInRight&quot;,&quot;ekit_we_effect_on&quot;:&quot;none&quot;}\" data-widget_type=\"exhibz-feature.default\">\n\t\t\t\t<div class=\"elementor-widget-container\">\n\t\t\t\t\t \n    \t\t<div class=\"single-intro-text mb-70\">\n\t\t\t<i class=\"fa fa-key\"><\/i>\n\t\t\t<h3 class=\"ts-title\">Paso 1: Crea tu Perfil<\/h3>\n\t\t\t<p>\n\t\t     \tCrea tu perfil en segundos ingresando con tu cuenta de Facebook o Google \u00f3 si lo prefieres puedes crear una cuenta de manera tradicional registrando tu nombre, email, celular y contrase\u00f1a de acceso.\n\t\t\t<\/p>\n\t\t\t<span class=\"count-number\">1<\/span>\n\t\t<\/div><!-- single intro text end-->\n    \n    \n\t\n\t\n\t \n\n    \n    \t\t\t\t<\/div>\n\t\t\t\t<\/div>\n\t\t\t\t<div class=\"elementor-element elementor-element-b8ff1b0 elementor-invisible elementor-widget elementor-widget-exhibz-feature\" data-id=\"b8ff1b0\" data-element_type=\"widget\" data-settings=\"{&quot;_animation&quot;:&quot;fadeInRight&quot;,&quot;ekit_we_effect_on&quot;:&quot;none&quot;}\" data-widget_type=\"exhibz-feature.default\">\n\t\t\t\t<div class=\"elementor-widget-container\">\n\t\t\t\t\t \n    \t\t<div class=\"single-intro-text mb-70\">\n\t\t\t<i class=\"icon icon-people\"><\/i>\n\t\t\t<h3 class=\"ts-title\">Paso 2: Invita Amigos<\/h3>\n\t\t\t<p>\n\t\t     \tComienza a invitar amigos, para facilitarte este proceso enviaremos un mensaje de invitaci\u00f3n por email y WhatsApp a tus amigos justo despu\u00e9s de que los registres en tu lista de invitados, en el mensaje indicaremos que los estas invitando al evento.\n\t\t\t<\/p>\n\t\t\t<span class=\"count-number\">2<\/span>\n\t\t<\/div><!-- single intro text end-->\n    \n    \n\t\n\t\n\t \n\n    \n    \t\t\t\t<\/div>\n\t\t\t\t<\/div>\n\t\t\t\t<div class=\"elementor-element elementor-element-f3974e6 elementor-widget-tablet__width-initial elementor-invisible elementor-widget elementor-widget-exhibz-feature\" data-id=\"f3974e6\" data-element_type=\"widget\" data-settings=\"{&quot;_animation&quot;:&quot;fadeInRight&quot;,&quot;ekit_we_effect_on&quot;:&quot;none&quot;}\" data-widget_type=\"exhibz-feature.default\">\n\t\t\t\t<div class=\"elementor-widget-container\">\n\t\t\t\t\t \n    \t\t<div class=\"single-intro-text mb-70\">\n\t\t\t<i class=\"fa fa-bell\"><\/i>\n\t\t\t<h3 class=\"ts-title\">Paso 3: Notif\u00edcanos el pago de tus amigos<\/h3>\n\t\t\t<p>\n\t\t     \tRevisa tu lista de amigos y notif\u00edcanos quienes ya han realizado su pago de registro, recuerda que el pago debe estar validado en la sesi\u00f3n personal de tus amigos, encontraras las instrucciones al pie de pagina de tu lista de invitados.\n\n\t\t\t<\/p>\n\t\t\t<span class=\"count-number\">3<\/span>\n\t\t<\/div><!-- single intro text end-->\n    \n    \n\t\n\t\n\t \n\n    \n    \t\t\t\t<\/div>\n\t\t\t\t<\/div>\n\t\t\t\t<div class=\"elementor-element elementor-element-80de7d9 elementor-invisible elementor-widget elementor-widget-exhibz-feature\" data-id=\"80de7d9\" data-element_type=\"widget\" data-settings=\"{&quot;_animation&quot;:&quot;fadeInRight&quot;,&quot;ekit_we_effect_on&quot;:&quot;none&quot;}\" data-widget_type=\"exhibz-feature.default\">\n\t\t\t\t<div class=\"elementor-widget-container\">\n\t\t\t\t\t \n    \t\t<div class=\"single-intro-text mb-70\">\n\t\t\t<i class=\"icon icon-planning\"><\/i>\n\t\t\t<h3 class=\"ts-title\">Paso 4: Canjea tus beneficios<\/h3>\n\t\t\t<p>\n\t\t     \tComienza a invitar amigos, para facilitarte este proceso enviaremos un mensaje de invitaci\u00f3n por email y WhatsApp a tus amigos justo despu\u00e9s de que los registres en tu lista de invitados, en el mensaje indicaremos que los estas invitando al evento.\t\t\t<\/p>\n\t\t\t<span class=\"count-number\">4<\/span>\n\t\t<\/div><!-- single intro text end-->\n    \n    \n\t\n\t\n\t \n\n    \n    \t\t\t\t<\/div>\n\t\t\t\t<\/div>\n\t\t\t\t\t<\/div>\n\t\t<\/div>\n\t\t\t\t\t<\/div>\n\t\t<\/section>\n\t\t\t\t\t<\/div>\n\t\t<\/div>\n\t\t\t\t\t<\/div>\n\t\t<\/section>\n\t\t\t\t<section class=\"elementor-section elementor-top-section elementor-element elementor-element-fd15353 elementor-section-boxed elementor-section-height-default elementor-section-height-default\" data-id=\"fd15353\" data-element_type=\"section\">\n\t\t\t\t\t\t<div class=\"elementor-container elementor-column-gap-default\">\n\t\t\t\t\t<div class=\"elementor-column elementor-col-100 elementor-top-column elementor-element elementor-element-66c3534\" data-id=\"66c3534\" data-element_type=\"column\">\n\t\t\t<div class=\"elementor-widget-wrap elementor-element-populated\">\n\t\t\t\t\t\t<div class=\"elementor-element elementor-element-0ce7854 elementor-widget__width-inherit elementor-widget elementor-widget-text-editor\" data-id=\"0ce7854\" data-element_type=\"widget\" data-settings=\"{&quot;ekit_we_effect_on&quot;:&quot;none&quot;}\" data-widget_type=\"text-editor.default\">\n\t\t\t\t\t\t\t\t\t<div class=\"BackTo\"><a href=\"#\" class=\"icon icon-chevron-up\"><\/a><\/div>\t\t\t\t\t\t\t\t<\/div>\n\t\t\t\t\t<\/div>\n\t\t<\/div>\n\t\t\t\t\t<\/div>\n\t\t<\/section>\n\t\t\t\t<\/div>\n\t\t","protected":false},"excerpt":{"rendered":"<p>PROMOCIONES Canc\u00fan, donde la belleza y la cultura se encuentran Hemos preparado una serie de promociones incre\u00edbles, las bases son muy simples, recibir\u00e1s recompensas en base al numero de amigos que invites al evento, cuando tus amigos realicen su pago de reserva y su pago sea validado entonces te daremos algunas recompensas, entre m\u00e1s amigos [&hellip;]<\/p>\n","protected":false},"author":1,"featured_media":11757,"parent":0,"menu_order":0,"comment_status":"closed","ping_status":"closed","template":"template\/template-onepage.php","meta":{"footnotes":""},"class_list":["post-11647","page","type-page","status-publish","has-post-thumbnail","hentry"],"aioseo_notices":[],"jetpack_sharing_enabled":true,"_links":{"self":[{"href":"https:\/\/foro-mundial.org\/web\/wp-json\/wp\/v2\/pages\/11647","targetHints":{"allow":["GET"]}}],"collection":[{"href":"https:\/\/foro-mundial.org\/web\/wp-json\/wp\/v2\/pages"}],"about":[{"href":"https:\/\/foro-mundial.org\/web\/wp-json\/wp\/v2\/types\/page"}],"author":[{"embeddable":true,"href":"https:\/\/foro-mundial.org\/web\/wp-json\/wp\/v2\/users\/1"}],"replies":[{"embeddable":true,"href":"https:\/\/foro-mundial.org\/web\/wp-json\/wp\/v2\/comments?post=11647"}],"version-history":[{"count":52,"href":"https:\/\/foro-mundial.org\/web\/wp-json\/wp\/v2\/pages\/11647\/revisions"}],"predecessor-version":[{"id":13009,"href":"https:\/\/foro-mundial.org\/web\/wp-json\/wp\/v2\/pages\/11647\/revisions\/13009"}],"wp:featuredmedia":[{"embeddable":true,"href":"https:\/\/foro-mundial.org\/web\/wp-json\/wp\/v2\/media\/11757"}],"wp:attachment":[{"href":"https:\/\/foro-mundial.org\/web\/wp-json\/wp\/v2\/media?parent=11647"}],"curies":[{"name":"wp","href":"https:\/\/api.w.org\/{rel}","templated":true}]}}