{"id":10602,"date":"2023-06-10T00:02:52","date_gmt":"2023-06-10T00:02:52","guid":{"rendered":"https:\/\/foro-mundial.org\/web\/?page_id=10602"},"modified":"2023-06-10T00:29:16","modified_gmt":"2023-06-10T00:29:16","slug":"politica-de-privacidad","status":"publish","type":"page","link":"https:\/\/foro-mundial.org\/web\/politica-de-privacidad\/","title":{"rendered":"POL\u00cdTICA DE PRIVACIDAD"},"content":{"rendered":"\t\t<div data-elementor-type=\"wp-page\" data-elementor-id=\"10602\" class=\"elementor elementor-10602\">\n\t\t\t\t\t\t<section class=\"elementor-section elementor-top-section elementor-element elementor-element-d110872 elementor-section-boxed elementor-section-height-default elementor-section-height-default\" data-id=\"d110872\" data-element_type=\"section\" data-settings=\"{&quot;background_background&quot;:&quot;classic&quot;}\">\n\t\t\t\t\t\t<div class=\"elementor-container elementor-column-gap-default\">\n\t\t\t\t\t<div class=\"elementor-column elementor-col-100 elementor-top-column elementor-element elementor-element-009766e\" data-id=\"009766e\" data-element_type=\"column\">\n\t\t\t<div class=\"elementor-widget-wrap elementor-element-populated\">\n\t\t\t\t\t\t<div class=\"elementor-element elementor-element-1e95799 elementor-invisible elementor-widget elementor-widget-exhibz-title\" data-id=\"1e95799\" data-element_type=\"widget\" data-settings=\"{&quot;_animation&quot;:&quot;slideInUp&quot;,&quot;_animation_delay&quot;:350,&quot;ekit_we_effect_on&quot;:&quot;none&quot;}\" data-widget_type=\"exhibz-title.default\">\n\t\t\t\t<div class=\"elementor-widget-container\">\n\t\t\t\t\t\n    <div class=\"title-section-area\">\n        <h2 class=\"section-title\">\n            <span class=\"sub-title\">FORO MUNDIAL DE UNIVERSITARIOS<\/span>\n\t\t\tPol\u00edtica de Privacidad        <\/h2>\n\t\t                    <span class=\"title-shape\">\n                  <svg xmlns='http:\/\/www.w3.org\/2000\/svg' xmlns:xlink='http:\/\/www.w3.org\/1999\/xlink' width='71px' height='11px'> <path fill-rule='evenodd' d='M59.669,10.710 L49.164,3.306 L39.428,10.681 L29.714,3.322 L20.006,10.682 L10.295,3.322 L1.185,10.228 L-0.010,8.578 L10.295,0.765 L20.006,8.125 L29.714,0.765 L39.428,8.125 L49.122,0.781 L59.680,8.223 L69.858,1.192 L70.982,2.895 L59.669,10.710 Z'\/><\/svg>\n            <\/span>\n                    <\/div><!-- Section title -->\n    \n    \n\n    \t\t\t\t<\/div>\n\t\t\t\t<\/div>\n\t\t\t\t<div class=\"elementor-element elementor-element-3d142a4 elementor-widget elementor-widget-text-editor\" data-id=\"3d142a4\" data-element_type=\"widget\" data-settings=\"{&quot;_animation&quot;:&quot;none&quot;,&quot;_animation_delay&quot;:350,&quot;ekit_we_effect_on&quot;:&quot;none&quot;}\" data-widget_type=\"text-editor.default\">\n\t\t\t\t\t\t\t\t\t<p><strong>FORO MUNDIAL DE UNIVERSITARIOS<\/strong> (el \u201cSitio\u201d) es operado por y propiedad de <strong>Fundaci\u00f3n Foro Mundial de Universitarios AC.<\/strong>, con domicilio fiscal en Malaquita 141B, Punta Azul, Pachuca, Hidalgo (<strong>FORO MUNDIAL DE UNIVERSITARIOS). FORO MUNDIAL DE UNIVERSITARIOS<\/strong> tiene entre sus objetivos proteger los Datos Personales proporcionados por sus Usuarios.<\/p><h4 style=\"text-align: center;\"><strong><span style=\"color: #3b1d82;\">INFORMACI\u00d3N QUE RECOPILA FORO MUNDIAL DE UNIVERSITARIOS A TRAV\u00c9S DEL SITIO Y\/O APP<\/span><\/strong><\/h4><p>Para registrarse en el Sitio, el Usuario podr\u00e1 llenar un formulario de registro o ingresar a trav\u00e9s de su cuenta de Facebook, Twitter, Instagram o Google +; al hacerlo, <b>FORO MUNDIAL DE UNIVERSITARIOS<\/b> obtendr\u00e1 los siguientes Datos Personales (sujeto a la configuraci\u00f3n de privacidad del Usuario en su perfil p\u00fablico de redes sociales): nombre completo, fecha de nacimiento o rango de edad, direcci\u00f3n de correo electr\u00f3nico, g\u00e9nero, pa\u00eds y estado, ocupaci\u00f3n, ID de usuario, imagen de perfil, idioma, formaci\u00f3n y empleo, gustos e intereses.<\/p><p><b>FORO MUNDIAL DE UNIVERSITARIOS<\/b> no recabar\u00e1 datos sensibles cuya utilizaci\u00f3n indebida pueda dar origen a discriminaci\u00f3n o conlleve un riesgo grave para el Titular de los Datos Personales. Se consideran sensibles aquellos datos que puedan revelar aspectos como origen racial o \u00e9tnico, estado de salud, informaci\u00f3n gen\u00e9tica, creencias religiosas, filos\u00f3ficas y morales, afiliaci\u00f3n sindical, opiniones pol\u00edticas y preferencia sexual.<\/p><h4 style=\"text-align: center;\"><strong><span style=\"color: #3b1d82;\">FINALIDAD PRIMARIA<\/span><\/strong><\/h4><p>F<b>ORO MUNDIAL DE UNIVERSITARIOS<\/b> recaba los Datos Personales que el Titular registra en el Sitio y\/o App con la intenci\u00f3n de ofrecer contenidos personalizados, hacerle llegar noticias, mantenerle informado sobre eventos de FORO MUNDIAL DE UNIVERSITARIOS relacionados con sus intereses, anuncio de preventas, descuentos y cambios en el Aviso de Privacidad; as\u00ed como para ofrecerle, de acuerdo a disponibilidad, acceso a promociones y contenidos exclusivos (videos, lanzamientos, descargas).<\/p><p>Al proporcionar los Datos Personales a trav\u00e9s de nuestro Sitio y\/o App, el Titular acepta conocer y estar de acuerdo con los t\u00e9rminos de este Aviso de Privacidad y consiente expresamente el tratamiento de sus Datos Personales conforme a lo descrito en \u00e9l.<\/p><h4 style=\"text-align: center;\"><span style=\"color: #3b1d82;\"><strong>FINALIDAD SECUNDARIA<\/strong><\/span><\/h4><p>La informaci\u00f3n que <b>FORO MUNDIAL DE UNIVERSITARIOS<\/b> recaba a trav\u00e9s del Sitio podr\u00e1 ser utilizada para fines comerciales, como proporcionar datos estad\u00edsticos (por ejemplo: 50% de nuestros usuarios son mujeres) a anunciantes potenciales, enviar publicidad a los Usuarios de acuerdo con sus intereses espec\u00edficos, y conducir investigaciones de mercadeo o promociones que FORO MUNDIAL DE UNIVERSITARIOS considere apropiadas. FORO MUNDIAL DE UNIVERSITARIOS tambi\u00e9n podr\u00e1 revelar Informaci\u00f3n cuando por mandato de ley y\/o de autoridad competente le fuere requerido.<\/p><h4 style=\"text-align: center;\"><span style=\"color: #3b1d82;\"><strong>PRIVACIDAD Y SEGURIDAD DE SU INFORMACI\u00d3N<\/strong><\/span><\/h4><p>Los Datos Personales pueden ser tratados por <b>FORO MUNDIAL DE UNIVERSITARIOS<\/b>, ya sea por s\u00ed o por medio de empresas expresamente contratadas para ello, y los Servicios del Sitio y\/o App son operados en los Estados Unidos Mexicanos. Si el Titular se encuentra fuera de los Estados Unidos Mexicanos, por favor tenga en cuenta que la informaci\u00f3n que recopilamos ser\u00e1 por laWorldFederationforUniversityEducation en el pa\u00eds se\u00f1alado.<\/p><p><b>FORO MUNDIAL DE UNIVERSITARIOS<\/b> implementa medidas de seguridad razonables para proteger su informaci\u00f3n tanto online como offline, y utiliza tecnolog\u00eda a su alcance para la protecci\u00f3n de la Informaci\u00f3n proporcionada por los Usuarios del Sitio y\/o App. El Sitio y\/o App contiene hiperv\u00ednculos o hipertextos \u201clinks\u201d, banners, botones y herramientas de b\u00fasqueda que al ser oprimidos o utilizados por los Usuarios dirigen a otros sitios propiedad de terceros, de manera que la Informaci\u00f3n que el Usuario llegase a proporcionar a trav\u00e9s de esos sitios no se encuentra cubierta o contemplada por este Aviso de Privacidad y su manejo o utilizaci\u00f3n no es responsabilidad de <b>FORO MUNDIAL DE UNIVERSITARIOS<\/b>, por lo que recomendamos a nuestros Usuarios verificar los Avisos de Privacidad desplegados o aplicables a estos sitios o portales de terceros.<\/p><p><b>FORO MUNDIAL DE UNIVERSITARIOS <\/b>podr\u00e1 transferir los Datos Personales que recaba en el Sitio en los supuestos previstos en el art\u00edculo 37 de la Ley Federal de Protecci\u00f3n de Datos Personales en Posesi\u00f3n de Particulares.<\/p><h4 style=\"text-align: center;\"><span style=\"color: #3b1d82;\"><strong>ACCESO, RECTIFICACI\u00d3N, CANCELACI\u00d3N Y OPOSICI\u00d3N \u2013 DERECHOS ARCO<\/strong><\/span><\/h4><p>El Usuario en cualquier momento podr\u00e1 solicitar a <b>FORO MUNDIAL DE UNIVERSITARIOS<\/b> el ACCESO, RECTIFICACI\u00d3N, CANCELACI\u00d3N y OPOSICI\u00d3N de sus Datos Personales, para lo cual deber\u00e1 seguir el siguiente procedimiento:<\/p><p>El titular de los datos deber\u00e1 enviar su solicitud de Derechos ARCO, a trav\u00e9s del cual se dar\u00e1 tr\u00e1mite y seguimiento a su solicitud.<\/p><p>Dicha solicitud deber\u00e1 contener la siguiente informaci\u00f3n: nombre completo del titular y todos los datos que le fueron solicitados para registrarse, la direcci\u00f3n de correo electr\u00f3nico con la cual se registr\u00f3 y a trav\u00e9s de la cual se comunicar\u00e1 la respuesta a su solicitud, sitio en el cual se registr\u00f3, copia electr\u00f3nica de alg\u00fan documento que acredite su identidad (credencial de elector, pasaporte vigente, c\u00e9dula profesional), descripci\u00f3n clara y precisa de los Datos Personales de los cuales busca ejercer sus derechos, indicar las modificaciones a realizarse y\/o las limitaciones al uso de los Datos proporcionados y cualquier otro elemento o documento que facilite la localizaci\u00f3n de los datos personales.<\/p><p><b>FORO MUNDIAL DE UNIVERSITARIOS<\/b> comunicar\u00e1 en un plazo no mayor a 20 (veinte) d\u00edas h\u00e1biles contados a partir de la fecha en que se haya recibido la solicitud de ACCESO, RECTIFICACI\u00d3N, CANCELACI\u00d3N u OPOSICI\u00d3N, la determinaci\u00f3n adoptada, a efecto de que, si \u00e9sta resulta procedente, se haga efectiva la misma dentro de los 15 (quince) d\u00edas h\u00e1biles siguientes a la fecha en que se dio respuesta a su solicitud. Trat\u00e1ndose de solicitudes de ACCESO a datos personales, proceder\u00e1 la entrega previa acreditaci\u00f3n de la identidad del Titular o de su representante legal, conforme a lo se\u00f1alado en el art\u00edculo 32 de la Ley Federal de Protecci\u00f3n de Datos Personales en Posesi\u00f3n de los Particulares.<\/p><p>Las solicitudes no ser\u00e1n v\u00e1lidas cuando: (1) el solicitante no sea el titular de los Datos Personales o el representante legal no est\u00e9 debidamente acreditado para ello, (2) no se encuentren los Datos Personales del solicitante en la base de datos de RED FORO MUNDIAL DE UNIVERSITARIOS, (3) se lesionen los derechos de un tercero, (4) exista un impedimento legal o la resoluci\u00f3n de una autoridad competente que restrinja el acceso a los datos personales, o no permita la rectificaci\u00f3n, cancelaci\u00f3n u oposici\u00f3n de los mismos (5) cuando la rectificaci\u00f3n, cancelaci\u00f3n u oposici\u00f3n haya sido previamente realizada.<\/p><p>Como Usuario del Sitio, en este acto autoriza de manera expresa que <b>FORO MUNDIAL DE UNIVERSITARIOS \/ RED FORO MUNDIAL DE UNIVERSITARIOS<\/b>\u00a0(seg\u00fan se define en los T\u00e9rminos y Condiciones del Sitio) pueda contactarlo v\u00eda correo electr\u00f3nico y utilizar o revelar, en los t\u00e9rminos descritos, la informaci\u00f3n proporcionada al darse de alta en el Sitio. En caso de oposici\u00f3n, el Usuario podr\u00e1 hacerlo autom\u00e1ticamente desde cualquier env\u00edo que haya recibido de <b>FORO MUNDIAL DE UNIVERSITARIOS \/ RED FORO MUNDIAL DE UNIVERSITARIOS<\/b> dando clic en el link para cancelar su suscripci\u00f3n (insertado en la parte inferior de los correos electr\u00f3nicos).<\/p><p>En virtud de lo anterior, el usuario podr\u00e1 oponerse a: (i) tratamiento de sus datos, (ii) recepci\u00f3n de informaci\u00f3n v\u00eda email. En dado caso se dar\u00e1 de baja su suscripci\u00f3n y sus datos se eliminar\u00e1n de la Base de Datos para con ello evitar el contacto de cualquier tipo.<\/p><h4 style=\"text-align: center;\"><span style=\"color: #3b1d82;\"><strong>USO DE COOKIES<\/strong><\/span><\/h4><p>Una cookie (o galleta inform\u00e1tica) es una peque\u00f1a informaci\u00f3n enviada por un sitio web y\/o dispositivo y almacenada en el navegador del Usuario, de manera que el Sitio y\/o App puede consultar la actividad del Usuario.<\/p><p>Este Sitio guardar\u00e1 una cookie en el navegador del Usuario, al momento de ingresar en \u00e9l y al iniciar sesi\u00f3n, que contendr\u00e1 informaci\u00f3n referente a su cuenta de acceso, pero no a su informaci\u00f3n personal. La finalidad es informar el estatus de sesi\u00f3n del Usuario en el Sitio y la navegaci\u00f3n que realiza en \u00e9l con el fin de ofrecerle una experiencia personalizada, as\u00ed como enviarle anuncios personalizados del Sitio a trav\u00e9s de remarketing.<\/p><p>El Usuario podr\u00e1 deshabilitar las cookies desde su navegador cuando as\u00ed lo desee; sin embargo, es importante se\u00f1alar que no podr\u00e1 participar en algunos contenidos de este Sitio y\/o App que necesitan de dicha cookie para autenticarlo como Usuario con una sesi\u00f3n activa. Para desactivar las cookies, el Usuario deber\u00e1 ingresar a la opci\u00f3n de Privacidad de su navegador (ubicada en Opciones de Internet, Ajustes o Preferencias) y removerlas seleccionando la casilla correspondiente.<\/p><h4 style=\"text-align: center;\"><strong><span style=\"color: #3b1d82;\">CAMBIOS EN EL AVISO DE PRIVACIDAD<\/span><\/strong><\/h4><p>Nos reservamos el derecho de efectuar en cualquier momento modificaciones o actualizaciones al presente aviso de privacidad, para la atenci\u00f3n de novedades legislativas, pol\u00edticas internas o nuevos requerimientos para la presentaci\u00f3n u ofrecimiento de nuestros servicios o productos.<\/p><p>Los cambios y actualizaciones del aviso de privacidad se publicar\u00e1n en el sitio de <b>FORO MUNDIAL DE UNIVERSITARIOS<\/b> (<a href=\"https:\/\/www.avisodeprivacidad.foro-mundial.org\">https:\/\/www.avisodeprivacidad.foro-mundial.org<\/a><span style=\"color: var( --e-global-color-8939758 ); font-family: var( --e-global-typography-text-font-family ), Sans-serif; font-weight: var( --e-global-typography-text-font-weight );\">) por lo que le recomendamos que visite frecuentemente el sitio y revise las actualizaciones de este.<\/span><\/p>\t\t\t\t\t\t\t\t<\/div>\n\t\t\t\t\t<\/div>\n\t\t<\/div>\n\t\t\t\t\t<\/div>\n\t\t<\/section>\n\t\t\t\t<\/div>\n\t\t","protected":false},"excerpt":{"rendered":"<p>FORO MUNDIAL DE UNIVERSITARIOS Pol\u00edtica de Privacidad FORO MUNDIAL DE UNIVERSITARIOS (el \u201cSitio\u201d) es operado por y propiedad de Fundaci\u00f3n Foro Mundial de Universitarios AC., con domicilio fiscal en Malaquita 141B, Punta Azul, Pachuca, Hidalgo (FORO MUNDIAL DE UNIVERSITARIOS). FORO MUNDIAL DE UNIVERSITARIOS tiene entre sus objetivos proteger los Datos Personales proporcionados por sus Usuarios. [&hellip;]<\/p>\n","protected":false},"author":1,"featured_media":0,"parent":0,"menu_order":0,"comment_status":"closed","ping_status":"closed","template":"template\/template-onepage.php","meta":{"footnotes":""},"class_list":["post-10602","page","type-page","status-publish","hentry"],"aioseo_notices":[],"jetpack_sharing_enabled":true,"_links":{"self":[{"href":"https:\/\/foro-mundial.org\/web\/wp-json\/wp\/v2\/pages\/10602","targetHints":{"allow":["GET"]}}],"collection":[{"href":"https:\/\/foro-mundial.org\/web\/wp-json\/wp\/v2\/pages"}],"about":[{"href":"https:\/\/foro-mundial.org\/web\/wp-json\/wp\/v2\/types\/page"}],"author":[{"embeddable":true,"href":"https:\/\/foro-mundial.org\/web\/wp-json\/wp\/v2\/users\/1"}],"replies":[{"embeddable":true,"href":"https:\/\/foro-mundial.org\/web\/wp-json\/wp\/v2\/comments?post=10602"}],"version-history":[{"count":19,"href":"https:\/\/foro-mundial.org\/web\/wp-json\/wp\/v2\/pages\/10602\/revisions"}],"predecessor-version":[{"id":10634,"href":"https:\/\/foro-mundial.org\/web\/wp-json\/wp\/v2\/pages\/10602\/revisions\/10634"}],"wp:attachment":[{"href":"https:\/\/foro-mundial.org\/web\/wp-json\/wp\/v2\/media?parent=10602"}],"curies":[{"name":"wp","href":"https:\/\/api.w.org\/{rel}","templated":true}]}}